{"id":1957,"date":"2016-02-22T15:54:29","date_gmt":"2016-02-22T15:54:29","guid":{"rendered":"http:\/\/demo.themelogi.com\/roneous\/?page_id=1957"},"modified":"2024-03-01T00:37:19","modified_gmt":"2024-03-01T00:37:19","slug":"sobre-nosotros","status":"publish","type":"page","link":"http:\/\/bosquesdesanjose.com\/web\/sobre-nosotros\/","title":{"rendered":"Sobre nosotros"},"content":{"rendered":"<p>[vc_row][vc_column width=\u00bb1\/2&#8243;]<div class=\"headings-title\"><div class=\"mb16 mb16 mb-xs-40 text-left\"><h5  class=\"widgettitle mb0\">Bosques de San Jos\u00e9<\/h5><div  class=\"widgetsubtitle\">Con\u00f3cenos<\/div><\/div><\/div>[vc_column_text]Es hora de dejar de so\u00f1ar y comenzar a construir su sue\u00f1o. En Bosques de San Jos\u00e9 encontrar\u00e1 terrenos residenciales que le ofrecen amenidades modernas para vivir la vida que siempre quiso.[\/vc_column_text][vc_row_inner][vc_column_inner width=\u00bb1\/2&#8243;]<div class=\"icon_title_list-content icon-list\"><ul class=\"icon_title_list\"><li><span class=\"inline-block mb8 mr-15\"><i style=\"color:#8fae1b;\" class=\"ti-check  inline-block\"><\/i><\/span><span>Terrenos con plusval\u00eda desde 500vrs.<\/span><\/li><li><span class=\"inline-block mb8 mr-15\"><i style=\"color:#8fae1b;\" class=\"ti-check  inline-block\"><\/i><\/span><span>Ambiente \u00fanico para una familia.<\/span><\/li><li><span class=\"inline-block mb8 mr-15\"><i style=\"color:#8fae1b;\" class=\"ti-check  inline-block\"><\/i><\/span><span>Amplios espacios verdes para sentir la frescura y relajaci\u00f3n que solo la naturaleza puede proveer<\/span><\/li><\/ul><\/div>[\/vc_column_inner][vc_column_inner width=\u00bb1\/2&#8243;]<div class=\"icon_title_list-content icon-list\"><ul class=\"icon_title_list\"><li><span class=\"inline-block mb8 mr-15\"><i style=\"color:#8fae1b;\" class=\"ti-check  inline-block\"><\/i><\/span><span>Lejos del ajetreo de la ciudad y su contaminaci\u00f3n<\/span><\/li><li><span class=\"inline-block mb8 mr-15\"><i style=\"color:#8fae1b;\" class=\"ti-check  inline-block\"><\/i><\/span><span>Sistema de seguridad con c\u00e1maras de circuito cerrado e iluminaci\u00f3n vial<\/span><\/li><li><span class=\"inline-block mb8 mr-15\"><i  class=\"ti-home  inline-block\"><\/i><\/span><span>Casa Club<\/span><\/li><\/ul><\/div>[\/vc_column_inner][\/vc_row_inner][\/vc_column][vc_column width=\u00bb1\/2&#8243;]<div class=\"headings-title\"><div class=\"mb16 mb16 mb-xs-40 text-left\"><h5  class=\"widgettitle mb0\">Financiamiento<\/h5><div  class=\"widgetsubtitle\">Explora tus opciones<\/div><\/div><\/div>[vc_column_text]Contamos con financiamiento propio que nos permite ofrecer tasas de inter\u00e9s muy competitivas. Tambi\u00e9n, invitamos a nuestros connacionales que viven en el extranjero a que nos pidan informaci\u00f3n porque tambi\u00e9n les podemos ofrecer cr\u00e9ditos.[\/vc_column_text]<div class=\"icon_title_list-content icon-list\"><ul class=\"icon_title_list\"><li><span class=\"inline-block mb8 mr-15\"><i style=\"color:#8fae1b;\" class=\"ti-check  inline-block\"><\/i><\/span><span>Cuotas desde $510<\/span><\/li><li><span class=\"inline-block mb8 mr-15\"><i style=\"color:#8fae1b;\" class=\"ti-check  inline-block\"><\/i><\/span><span>Hasta 25 a\u00f1os plazo<\/span><\/li><li><span class=\"inline-block mb8 mr-15\"><i style=\"color:#8fae1b;\" class=\"ti-check  inline-block\"><\/i><\/span><span>Cr\u00e9ditos a salvadore\u00f1os en el extranjero<\/span><\/li><\/ul><\/div>[\/vc_column][\/vc_row][vc_row tlg_padding=\u00bbpt64 pb64&#8243; tlg_enable_overlay=\u00bbyes\u00bb tlg_parallax=\u00bbnot-parallax\u00bb tlg_text_align=\u00bbtext-center\u00bb tlg_vertical_align=\u00bbyes\u00bb css=\u00bb.vc_custom_1593061665659{background: #ebeced url(http:\/\/bosquesdesanjose.com\/web\/wp-content\/uploads\/2020\/06\/fondo.jpg?id=4167) !important;background-position: center !important;background-repeat: no-repeat !important;background-size: contain !important;}\u00bb tlg_bg_overlay=\u00bbrgba(255,255,255,0.01)\u00bb tlg_bg_overlay_value=\u00bb0&#8243;][vc_column width=\u00bb1\/2&#8243;]<div class=\"tlg-spacer\" data-height=\"30\" data-height-tablet=\"30\" data-height-mobile=\"30\" style=\"clear:both;display:block;height:30px;\"><\/div><div class=\"headings-title\"><div class=\"mb0 mb16 mb-xs-40 text-center\"><h2 style=\"color:#5e5e5e!important;font-size:24px;line-height:34px;text-transform: uppercase!important;text-shadow:none;font-family:Rambla;font-weight:400;font-style:normal;\" class=\"widgettitle mb0\">Nuestra prioridad<\/h2><div style=\"color:#05a64e!important;font-size:48px;line-height:53px;text-transform: none!important;text-shadow:none;font-family:Rambla;font-weight:400;font-style:normal;\" class=\"widgetsubtitle\">es la Seguridad<\/div><\/div><\/div>[\/vc_column][vc_column width=\u00bb1\/2&#8243;][vc_single_image image=\u00bb4172&#8243; img_size=\u00bbfull\u00bb][\/vc_column][\/vc_row][vc_row tlg_padding=\u00bbpt0&#8243; tlg_text_align=\u00bbtext-center\u00bb css=\u00bb.vc_custom_1593061655033{background-color: #ebeced !important;}\u00bb][vc_column width=\u00bb1\/4&#8243;]<div id=\"iconbox-69fa0a7cb7592\" class=\"\"><div class=\"icon-link\"><div class=\"relative mb0 text-center\">\n\t\t\t\t\t\t\t<div class=\"icon-image\"><img src=\"http:\/\/bosquesdesanjose.com\/web\/wp-content\/uploads\/2020\/06\/cctv.png\" alt=\"icon-image\" \/><div class=\"image-overlay\"><i class=\"\"><\/i><\/div><\/div>\n\t\t\t\t\t\t\t<h5  class=\"widgettitle mb8\">Sistema de c\u00e1maras cerrada<\/h5>\n\t\t\t\t\t\t\t<div  class=\"widgetsubtitle mb16\"><\/div>\n\t\t\t\t\t\t\t<div  class=\"icon-content\"><\/div> \n\t\t\t\t\t\t<\/div><\/div><\/div>[\/vc_column][vc_column width=\u00bb1\/4&#8243;]<div id=\"iconbox-69fa0a7cb9cc4\" class=\"\"><div class=\"icon-link\"><div class=\"relative mb0 text-center\">\n\t\t\t\t\t\t\t<div class=\"icon-image\"><img src=\"http:\/\/bosquesdesanjose.com\/web\/wp-content\/uploads\/2020\/06\/cerco-perimetral.png\" alt=\"icon-image\" \/><div class=\"image-overlay\"><i class=\"\"><\/i><\/div><\/div>\n\t\t\t\t\t\t\t<h5  class=\"widgettitle mb8\">Cercado de per\u00edmetro<\/h5>\n\t\t\t\t\t\t\t<div  class=\"widgetsubtitle mb16\"><\/div>\n\t\t\t\t\t\t\t<div  class=\"icon-content\"><\/div> \n\t\t\t\t\t\t<\/div><\/div><\/div>[\/vc_column][vc_column width=\u00bb1\/4&#8243;]<div id=\"iconbox-69fa0a7cbb3a0\" class=\"\"><div class=\"icon-link\"><div class=\"relative mb0 text-center\">\n\t\t\t\t\t\t\t<div class=\"icon-image\"><img src=\"http:\/\/bosquesdesanjose.com\/web\/wp-content\/uploads\/2020\/06\/vigilantes.png\" alt=\"icon-image\" \/><div class=\"image-overlay\"><i class=\"\"><\/i><\/div><\/div>\n\t\t\t\t\t\t\t<h5  class=\"widgettitle mb8\">Personal de seguridad<\/h5>\n\t\t\t\t\t\t\t<div  class=\"widgetsubtitle mb16\"><\/div>\n\t\t\t\t\t\t\t<div  class=\"icon-content\"><\/div> \n\t\t\t\t\t\t<\/div><\/div><\/div>[\/vc_column][vc_column width=\u00bb1\/4&#8243;]<div id=\"iconbox-69fa0a7cbc9d9\" class=\"\"><div class=\"icon-link\"><div class=\"relative mb0 text-center\">\n\t\t\t\t\t\t\t<div class=\"icon-image\"><img src=\"http:\/\/bosquesdesanjose.com\/web\/wp-content\/uploads\/2020\/06\/iluminacion.png\" alt=\"icon-image\" \/><div class=\"image-overlay\"><i class=\"\"><\/i><\/div><\/div>\n\t\t\t\t\t\t\t<h5  class=\"widgettitle mb8\">Iluminaci\u00f3n vial<\/h5>\n\t\t\t\t\t\t\t<div  class=\"widgetsubtitle mb16\"><\/div>\n\t\t\t\t\t\t\t<div  class=\"icon-content\"><\/div> \n\t\t\t\t\t\t<\/div><\/div><\/div>[\/vc_column][\/vc_row][vc_row tlg_background_style=\u00bbbg-secondary\u00bb tlg_text_align=\u00bbtext-center\u00bb][vc_column width=\u00bb1\/6&#8243;][\/vc_column][vc_column width=\u00bb2\/3&#8243;]<div class=\"headings-title\"><div class=\"mb0 mb16 mb-xs-40 text-center\"><h5  class=\"widgettitle mb0\">Permisos en regla<\/h5><\/div><\/div>[\/vc_column][vc_column width=\u00bb1\/6&#8243;][\/vc_column][\/vc_row][vc_row tlg_background_style=\u00bbbg-secondary\u00bb tlg_padding=\u00bbpt0&#8243; tlg_text_align=\u00bbtext-center\u00bb][vc_column width=\u00bb1\/3&#8243;]<div id=\"iconbox-69fa0a7cbe158\" class=\"\"><div class=\"icon-link\"><div class=\"relative mb0 text-center\">\n\t\t\t\t\t\t\t<i  class=\"ti-paint-bucket   inline-block mb16 ms-text icon-lg\"><\/i>\n\t\t\t\t\t\t\t<h5  class=\"widgettitle mb8\">Pozo propio<\/h5>\n\t\t\t\t\t\t\t<div  class=\"widgetsubtitle mb16\"><\/div>\n\t\t\t\t\t\t\t<div  class=\"icon-content\"><\/div> \n\t\t\t\t\t\t<\/div><\/div><\/div>[\/vc_column][vc_column width=\u00bb1\/3&#8243;]<div id=\"iconbox-69fa0a7cbe274\" class=\"\"><div class=\"icon-link\"><div class=\"relative mb0 text-center\">\n\t\t\t\t\t\t\t<i  class=\"ti-home   inline-block mb16 ms-text icon-lg\"><\/i>\n\t\t\t\t\t\t\t<h5  class=\"widgettitle mb8\">Permisos de lotificaci\u00f3n de la OPAMSS<\/h5>\n\t\t\t\t\t\t\t<div  class=\"widgetsubtitle mb16\"><\/div>\n\t\t\t\t\t\t\t<div  class=\"icon-content\"><\/div> \n\t\t\t\t\t\t<\/div><\/div><\/div>[\/vc_column][vc_column width=\u00bb1\/3&#8243;]<div id=\"iconbox-69fa0a7cbe39e\" class=\"\"><div class=\"icon-link\"><div class=\"relative mb0 text-center\">\n\t\t\t\t\t\t\t<i  class=\"ti-image   inline-block mb16 ms-text icon-lg\"><\/i>\n\t\t\t\t\t\t\t<h5  class=\"widgettitle mb8\">Permisos del MARN<\/h5>\n\t\t\t\t\t\t\t<div  class=\"widgetsubtitle mb16\"><\/div>\n\t\t\t\t\t\t\t<div  class=\"icon-content\"><\/div> \n\t\t\t\t\t\t<\/div><\/div><\/div>[\/vc_column][\/vc_row][vc_row tlg_padding=\u00bbpt64 pb64&#8243; tlg_enable_overlay=\u00bbyes\u00bb tlg_parallax=\u00bbnot-parallax\u00bb tlg_text_align=\u00bbtext-center\u00bb tlg_vertical_align=\u00bbyes\u00bb css=\u00bb.vc_custom_1594241494615{background: #ebeced url(http:\/\/bosquesdesanjose.com\/web\/wp-content\/uploads\/2020\/07\/bg-ammenities.gif?id=4195) !important;background-position: center !important;background-repeat: no-repeat !important;background-size: contain !important;}\u00bb tlg_bg_overlay=\u00bbrgba(255,255,255,0.01)\u00bb tlg_bg_overlay_value=\u00bb0&#8243;][vc_column width=\u00bb1\/2&#8243;][vc_single_image image=\u00bb4194&#8243; img_size=\u00bbfull\u00bb][\/vc_column][vc_column width=\u00bb1\/2&#8243;]<div class=\"tlg-spacer\" data-height=\"30\" data-height-tablet=\"30\" data-height-mobile=\"30\" style=\"clear:both;display:block;height:30px;\"><\/div><div class=\"headings-title\"><div class=\"mb0 mb16 mb-xs-40 text-center\"><h2 style=\"color:#5e5e5e!important;font-size:24px;line-height:34px;text-transform: uppercase!important;text-shadow:none;font-family:Rambla;font-weight:400;font-style:normal;\" class=\"widgettitle mb0\">Espacios recreativos<\/h2><div style=\"color:#05a64e!important;font-size:48px;line-height:53px;text-transform: none!important;text-shadow:none;font-family:Rambla;font-weight:400;font-style:normal;\" class=\"widgetsubtitle\">para toda la familia<\/div><\/div><\/div>[\/vc_column][\/vc_row][vc_row tlg_padding=\u00bbpt0&#8243; tlg_text_align=\u00bbtext-center\u00bb css=\u00bb.vc_custom_1593061655033{background-color: #ebeced !important;}\u00bb][vc_column width=\u00bb1\/4&#8243;]<div id=\"iconbox-69fa0a7cbe82e\" class=\"\"><div class=\"icon-link\"><div class=\"relative mb0 text-center\">\n\t\t\t\t\t\t\t<div class=\"icon-image\"><img src=\"http:\/\/bosquesdesanjose.com\/web\/wp-content\/uploads\/2020\/07\/exercise.png\" alt=\"icon-image\" \/><div class=\"image-overlay\"><i class=\"\"><\/i><\/div><\/div>\n\t\t\t\t\t\t\t<h5  class=\"widgettitle mb8\">Espacios para ejercicio<\/h5>\n\t\t\t\t\t\t\t<div  class=\"widgetsubtitle mb16\"><\/div>\n\t\t\t\t\t\t\t<div  class=\"icon-content\"><\/div> \n\t\t\t\t\t\t<\/div><\/div><\/div>[\/vc_column][vc_column width=\u00bb1\/4&#8243;]<div id=\"iconbox-69fa0a7cbfcb7\" class=\"\"><div class=\"icon-link\"><div class=\"relative mb0 text-center\">\n\t\t\t\t\t\t\t<div class=\"icon-image\"><img src=\"http:\/\/bosquesdesanjose.com\/web\/wp-content\/uploads\/2020\/07\/salon-de-eventos.png\" alt=\"icon-image\" \/><div class=\"image-overlay\"><i class=\"\"><\/i><\/div><\/div>\n\t\t\t\t\t\t\t<h5  class=\"widgettitle mb8\">Sal\u00f3n de Eventos<\/h5>\n\t\t\t\t\t\t\t<div  class=\"widgetsubtitle mb16\"><\/div>\n\t\t\t\t\t\t\t<div  class=\"icon-content\"><\/div> \n\t\t\t\t\t\t<\/div><\/div><\/div>[\/vc_column][vc_column width=\u00bb1\/4&#8243;]<div id=\"iconbox-69fa0a7cc1026\" class=\"\"><div class=\"icon-link\"><div class=\"relative mb0 text-center\">\n\t\t\t\t\t\t\t<div class=\"icon-image\"><img src=\"http:\/\/bosquesdesanjose.com\/web\/wp-content\/uploads\/2020\/07\/extensas-areas-verdes.png\" alt=\"icon-image\" \/><div class=\"image-overlay\"><i class=\"\"><\/i><\/div><\/div>\n\t\t\t\t\t\t\t<h5  class=\"widgettitle mb8\">Extensa Naturaleza<\/h5>\n\t\t\t\t\t\t\t<div  class=\"widgetsubtitle mb16\"><\/div>\n\t\t\t\t\t\t\t<div  class=\"icon-content\"><\/div> \n\t\t\t\t\t\t<\/div><\/div><\/div>[\/vc_column][vc_column width=\u00bb1\/4&#8243;]<div id=\"iconbox-69fa0a7cc250b\" class=\"\"><div class=\"icon-link\"><div class=\"relative mb0 text-center\">\n\t\t\t\t\t\t\t<div class=\"icon-image\"><img src=\"http:\/\/bosquesdesanjose.com\/web\/wp-content\/uploads\/2020\/07\/espacios-para-familias.png\" alt=\"icon-image\" \/><div class=\"image-overlay\"><i class=\"\"><\/i><\/div><\/div>\n\t\t\t\t\t\t\t<h5  class=\"widgettitle mb8\">\u00c1reas familiares<\/h5>\n\t\t\t\t\t\t\t<div  class=\"widgetsubtitle mb16\"><\/div>\n\t\t\t\t\t\t\t<div  class=\"icon-content\"><\/div> \n\t\t\t\t\t\t<\/div><\/div><\/div>[\/vc_column][\/vc_row][vc_row][vc_column][vc_single_image image=\u00bb4093&#8243; img_size=\u00bbfull\u00bb alignment=\u00bbcenter\u00bb onclick=\u00bblink_image\u00bb][\/vc_column][\/vc_row][vc_row tlg_background_style=\u00bbbg-primary\u00bb tlg_enable_overlay=\u00bbyes\u00bb tlg_text_align=\u00bbtext-center\u00bb css=\u00bb.vc_custom_1575867095141{background-image: url(http:\/\/bosquesdesanjose.com\/web\/wp-content\/uploads\/2019\/12\/nosotros-scaled.jpg?id=4038) !important;}\u00bb tlg_bg_overlay=\u00bb#05a64e\u00bb tlg_bg_overlay_value=\u00bb8.5&#8243; tlg_bg_gradient_color=\u00bb#1c94eb\u00bb][vc_column width=\u00bb1\/4&#8243;][\/vc_column][vc_column width=\u00bb1\/2&#8243;]<div class=\"headings-title\"><div class=\"mb16 mb-xs-40 text-center\"><div  class=\"widgetsubtitle mb8\">Te invitamos a conocernos<\/div><h5  class=\"widgettitle mb0\">CONCRETA UNA CITA<\/h5><\/div><\/div>[vc_column_text]Te invitamos a conocer Bosques de San Jos\u00e9 para ver veas la magia que te espera por ti mismo. Pide una cita llenando el formulario.[\/vc_column_text]<div class=\"\"><a  id=\"btn-69fa0a7cc3dac\" class=\"btn-new btn-1 btn-1c  ti-arrow-right  btn-sm-sm\" href= \"http:\/\/bosquesdesanjose.com\/web\/conoce-mas-sobre-bosques-de-san-jose\/\" target=\"_self\" >Solicita tu cita<\/a><\/div>[\/vc_column][vc_column width=\u00bb1\/4&#8243;][\/vc_column][\/vc_row][vc_row][vc_column]<div class=\"headings-title\"><div class=\"mb72 mb16 mb-xs-40 text-center\"><h5  class=\"widgettitle mb0\">Desarrollos en el \u00e1rea<\/h5><\/div><\/div>[vc_row_inner][vc_column_inner width=\u00bb1\/3&#8243;][vc_single_image image=\u00bb4158&#8243; img_size=\u00bbfull\u00bb alignment=\u00bbcenter\u00bb onclick=\u00bbcustom_link\u00bb img_link_target=\u00bb_blank\u00bb link=\u00bbhttps:\/\/www.elsalvador.com\/eldiariodehoy\/grupo-roble-planea-construir-3000-viviendas-en-apopa\/629748\/2019\/\u00bb][\/vc_column_inner][vc_column_inner width=\u00bb1\/3&#8243;][vc_single_image image=\u00bb4159&#8243; img_size=\u00bbfull\u00bb alignment=\u00bbcenter\u00bb onclick=\u00bbcustom_link\u00bb img_link_target=\u00bb_blank\u00bb link=\u00bbhttps:\/\/revistaconstruir.com\/urbanica-anuncia-nuevos-proyectos-inmobiliarios-us500-millones\/\u00bb][\/vc_column_inner][vc_column_inner width=\u00bb1\/3&#8243;][vc_single_image image=\u00bb4160&#8243; img_size=\u00bbfull\u00bb alignment=\u00bbcenter\u00bb onclick=\u00bbcustom_link\u00bb img_link_target=\u00bb_blank\u00bb link=\u00bbhttps:\/\/www.eleconomista.net\/economia\/El-Salvador-invierten-100000-para-reconstruir-centro-escolar-en-Apopa-20200123-0010.html\u00bb][\/vc_column_inner][\/vc_row_inner][\/vc_column][\/vc_row]<\/p>\n","protected":false},"excerpt":{"rendered":"<p>[vc_row][vc_column width=\u00bb1\/2&#8243;][vc_column_text]Es hora de dejar de so\u00f1ar y comenzar a construir su sue\u00f1o. En Bosques de&#8230;<\/p>\n","protected":false},"author":1,"featured_media":4089,"parent":0,"menu_order":0,"comment_status":"closed","ping_status":"closed","template":"","meta":[],"_links":{"self":[{"href":"http:\/\/bosquesdesanjose.com\/web\/wp-json\/wp\/v2\/pages\/1957"}],"collection":[{"href":"http:\/\/bosquesdesanjose.com\/web\/wp-json\/wp\/v2\/pages"}],"about":[{"href":"http:\/\/bosquesdesanjose.com\/web\/wp-json\/wp\/v2\/types\/page"}],"author":[{"embeddable":true,"href":"http:\/\/bosquesdesanjose.com\/web\/wp-json\/wp\/v2\/users\/1"}],"replies":[{"embeddable":true,"href":"http:\/\/bosquesdesanjose.com\/web\/wp-json\/wp\/v2\/comments?post=1957"}],"version-history":[{"count":47,"href":"http:\/\/bosquesdesanjose.com\/web\/wp-json\/wp\/v2\/pages\/1957\/revisions"}],"predecessor-version":[{"id":4280,"href":"http:\/\/bosquesdesanjose.com\/web\/wp-json\/wp\/v2\/pages\/1957\/revisions\/4280"}],"wp:featuredmedia":[{"embeddable":true,"href":"http:\/\/bosquesdesanjose.com\/web\/wp-json\/wp\/v2\/media\/4089"}],"wp:attachment":[{"href":"http:\/\/bosquesdesanjose.com\/web\/wp-json\/wp\/v2\/media?parent=1957"}],"curies":[{"name":"wp","href":"https:\/\/api.w.org\/{rel}","templated":true}]}}