{"id":4103,"date":"2019-12-21T18:59:34","date_gmt":"2019-12-21T18:59:34","guid":{"rendered":"http:\/\/bosquesdesanjose.com\/web\/?page_id=4103"},"modified":"2021-03-30T04:16:36","modified_gmt":"2021-03-30T04:16:36","slug":"conoce-mas-sobre-bosques-de-san-jose","status":"publish","type":"page","link":"http:\/\/bosquesdesanjose.com\/web\/conoce-mas-sobre-bosques-de-san-jose\/","title":{"rendered":"Conoce m\u00e1s sobre Bosques de San Jos\u00e9"},"content":{"rendered":"<p>[vc_row css=\u00bb.vc_custom_1594242916290{background-color: #f2f2f2 !important;}\u00bb][vc_column width=\u00bb1\/2&#8243;]<div class=\"headings-title\"><div class=\"mb16 mb16 mb-xs-40 text-left\"><h5  class=\"widgettitle mb0\">Bosques de San Jos\u00e9<\/h5><div  class=\"widgetsubtitle\">Con\u00f3cenos<\/div><\/div><\/div>[vc_column_text]Es hora de dejar de so\u00f1ar y comenzar a construir su sue\u00f1o. En Bosques de San Jos\u00e9 encontrar\u00e1 terrenos residenciales que le ofrecen amenidades modernas para vivir la vida que siempre quiso.<\/p>\n<p>Contamos con financiamiento propio que nos permite ofrecer tasas de inter\u00e9s muy competitivas y con hasta 17 a\u00f1os plazo. Tambi\u00e9n, invitamos a nuestros connacionales que viven en el extranjero a que nos pidan informaci\u00f3n porque tambi\u00e9n les podemos ofrecer cr\u00e9ditos.[\/vc_column_text][vc_row_inner][vc_column_inner]<div class=\"icon_title_list-content icon-list\"><ul class=\"icon_title_list\"><li><span class=\"inline-block mb8 mr-15\"><i style=\"color:#8fae1b;\" class=\"ti-check  inline-block\"><\/i><\/span><span>Terrenos con plusval\u00eda desde 500vrs.<\/span><\/li><li><span class=\"inline-block mb8 mr-15\"><i style=\"color:#8fae1b;\" class=\"ti-check  inline-block\"><\/i><\/span><span>Amplios espacios verdes para sentir la frescura y relajaci\u00f3n que solo la naturaleza puede proveer<\/span><\/li><li><span class=\"inline-block mb8 mr-15\"><i style=\"color:#8fae1b;\" class=\"ti-check  inline-block\"><\/i><\/span><span>Lejos del ajetreo de la ciudad y su contaminaci\u00f3n<\/span><\/li><\/ul><\/div><div class=\"icon_title_list-content icon-list\"><ul class=\"icon_title_list\"><li><span class=\"inline-block mb8 mr-15\"><i style=\"color:#8fae1b;\" class=\"ti-check  inline-block\"><\/i><\/span><span>Cuotas desde $345<\/span><\/li><li><span class=\"inline-block mb8 mr-15\"><i style=\"color:#8fae1b;\" class=\"ti-check  inline-block\"><\/i><\/span><span>Cr\u00e9ditos a salvadore\u00f1os en el extranjero<\/span><\/li><li><span class=\"inline-block mb8 mr-15\"><i style=\"color:#8fae1b;\" class=\"ti-check  inline-block\"><\/i><\/span><span>Hasta 25 a\u00f1os plazo<\/span><\/li><\/ul><\/div>[\/vc_column_inner][\/vc_row_inner][\/vc_column][vc_column width=\u00bb1\/2&#8243;][vc_video link=\u00bbhttps:\/\/www.youtube.com\/watch?v=wXorS7BslGw\u00bb align=\u00bbcenter\u00bb]<div role=\"form\" class=\"wpcf7\" id=\"wpcf7-f4214-o1\" lang=\"es-ES\" dir=\"ltr\">\n<div class=\"screen-reader-response\"><p role=\"status\" aria-live=\"polite\" aria-atomic=\"true\"><\/p> <ul><\/ul><\/div>\n<form action=\"\/web\/wp-json\/wp\/v2\/pages\/4103#wpcf7-f4214-o1\" method=\"post\" class=\"wpcf7-form init\" novalidate=\"novalidate\" data-status=\"init\">\n<div style=\"display: none;\">\n<input type=\"hidden\" name=\"_wpcf7\" value=\"4214\" \/>\n<input type=\"hidden\" name=\"_wpcf7_version\" value=\"5.3\" \/>\n<input type=\"hidden\" name=\"_wpcf7_locale\" value=\"es_ES\" \/>\n<input type=\"hidden\" name=\"_wpcf7_unit_tag\" value=\"wpcf7-f4214-o1\" \/>\n<input type=\"hidden\" name=\"_wpcf7_container_post\" value=\"0\" \/>\n<input type=\"hidden\" name=\"_wpcf7_posted_data_hash\" value=\"\" \/>\n<input type=\"hidden\" name=\"_wpcf7_recaptcha_response\" value=\"\" \/>\n<\/div>\n<div class=\"form-container\">\n<p><span class=\"wpcf7-form-control-wrap your-name\"><input type=\"text\" name=\"your-name\" value=\"Nombre\" size=\"40\" class=\"wpcf7-form-control wpcf7-text wpcf7-validates-as-required\" aria-required=\"true\" aria-invalid=\"false\" \/><\/span><span class=\"wpcf7-form-control-wrap your-email\"><input type=\"email\" name=\"your-email\" value=\"Email\" size=\"40\" class=\"wpcf7-form-control wpcf7-text wpcf7-email wpcf7-validates-as-required wpcf7-validates-as-email\" aria-required=\"true\" aria-invalid=\"false\" \/><\/span><span class=\"wpcf7-form-control-wrap Telefono\"><input type=\"tel\" name=\"Telefono\" value=\"Tel\u00e9fono\" size=\"40\" class=\"wpcf7-form-control wpcf7-text wpcf7-tel wpcf7-validates-as-required wpcf7-validates-as-tel\" aria-required=\"true\" aria-invalid=\"false\" \/><\/span><input type=\"submit\" value=\"Conoce m\u00e1s informaci\u00f3n\" class=\"wpcf7-form-control wpcf7-submit\" \/><\/p>\n<p class=\"sub\">* No compartiremos tu informaci\u00f3n con otras empresa. Consulta nuestra <a href=\"http:\/\/bosquesdesanjose.com\/web\/privacy-policy-2\/\">pol\u00edtica de privacidad<\/a> para m\u00e1s informaci\u00f3n.<\/p>\n<\/div>\n<div class=\"wpcf7-response-output\" aria-hidden=\"true\"><\/div><\/form><\/div>[\/vc_column][\/vc_row][vc_row][vc_column width=\u00bb1\/2&#8243;][vc_single_image image=\u00bb4194&#8243; img_size=\u00bbfull\u00bb alignment=\u00bbcenter\u00bb title=\u00bbRecreaci\u00f3n\u00bb]<div class=\"icon_title_list-content icon-list\"><ul class=\"icon_title_list\"><li><span class=\"inline-block mb8 mr-15\"><i style=\"color:#8fae1b;\" class=\"ti-heart  inline-block\"><\/i><\/span><span>* En desarrollo * Sendero para caminar<\/span><\/li><li><span class=\"inline-block mb8 mr-15\"><i style=\"color:#8fae1b;\" class=\"ti-home  inline-block\"><\/i><\/span><span>Sal\u00f3n de eventos<\/span><\/li><li><span class=\"inline-block mb8 mr-15\"><i style=\"color:#8fae1b;\" class=\"ti-shine  inline-block\"><\/i><\/span><span>\u00c1rea de picnic<\/span><\/li><\/ul><\/div>[\/vc_column][vc_column width=\u00bb1\/2&#8243;][vc_single_image image=\u00bb4172&#8243; img_size=\u00bbfull\u00bb alignment=\u00bbcenter\u00bb title=\u00bbSeguridad\u00bb]<div class=\"icon_title_list-content icon-list\"><ul class=\"icon_title_list\"><li><span class=\"inline-block mb8 mr-15\"><i style=\"color:#8fae1b;\" class=\"ti-lock  inline-block\"><\/i><\/span><span>Sistema de c\u00e1mara cerrada<\/span><\/li><li><span class=\"inline-block mb8 mr-15\"><i style=\"color:#8fae1b;\" class=\"ti-plug  inline-block\"><\/i><\/span><span>Iluminaci\u00f3n vial<\/span><\/li><li><span class=\"inline-block mb8 mr-15\"><i style=\"color:#8fae1b;\" class=\"ti-check  inline-block\"><\/i><\/span><span>Lejos del ajetreo de la ciudad y su contaminaci\u00f3n<\/span><\/li><\/ul><\/div>[\/vc_column][\/vc_row][vc_row][vc_column][vc_raw_js]JTNDc2NyaXB0JTNFJTBBZG9jdW1lbnQuYWRkRXZlbnRMaXN0ZW5lciUyOCUyMCUyN3dwY2Y3bWFpbHNlbnQlMjclMkMlMjBmdW5jdGlvbiUyOCUyMGV2ZW50JTIwJTI5JTIwJTdCJTBBJTIwJTIwbG9jYXRpb24lMjAlM0QlMjAlMjdodHRwJTNBJTJGJTJGYm9zcXVlc2Rlc2Fuam9zZS5jb20lMkZ3ZWIlMkZncmFjaWFzLXBvci1jb250YWN0YXJub3MlMkYlMjclM0IlMEElN0QlMkMlMjBmYWxzZSUyMCUyOSUzQiUwQSUzQyUyRnNjcmlwdCUzRQ==[\/vc_raw_js][\/vc_column][\/vc_row]<\/p>\n","protected":false},"excerpt":{"rendered":"<p>[vc_row css=\u00bb.vc_custom_1594242916290{background-color: #f2f2f2 !important;}\u00bb][vc_column width=\u00bb1\/2&#8243;][vc_column_text]Es hora de dejar de so\u00f1ar y comenzar a construir su sue\u00f1o&#8230;.<\/p>\n","protected":false},"author":1,"featured_media":4090,"parent":0,"menu_order":0,"comment_status":"closed","ping_status":"closed","template":"","meta":[],"_links":{"self":[{"href":"http:\/\/bosquesdesanjose.com\/web\/wp-json\/wp\/v2\/pages\/4103"}],"collection":[{"href":"http:\/\/bosquesdesanjose.com\/web\/wp-json\/wp\/v2\/pages"}],"about":[{"href":"http:\/\/bosquesdesanjose.com\/web\/wp-json\/wp\/v2\/types\/page"}],"author":[{"embeddable":true,"href":"http:\/\/bosquesdesanjose.com\/web\/wp-json\/wp\/v2\/users\/1"}],"replies":[{"embeddable":true,"href":"http:\/\/bosquesdesanjose.com\/web\/wp-json\/wp\/v2\/comments?post=4103"}],"version-history":[{"count":18,"href":"http:\/\/bosquesdesanjose.com\/web\/wp-json\/wp\/v2\/pages\/4103\/revisions"}],"predecessor-version":[{"id":4257,"href":"http:\/\/bosquesdesanjose.com\/web\/wp-json\/wp\/v2\/pages\/4103\/revisions\/4257"}],"wp:featuredmedia":[{"embeddable":true,"href":"http:\/\/bosquesdesanjose.com\/web\/wp-json\/wp\/v2\/media\/4090"}],"wp:attachment":[{"href":"http:\/\/bosquesdesanjose.com\/web\/wp-json\/wp\/v2\/media?parent=4103"}],"curies":[{"name":"wp","href":"https:\/\/api.w.org\/{rel}","templated":true}]}}